{"id":241,"date":"2020-11-30T16:27:46","date_gmt":"2020-11-30T15:27:46","guid":{"rendered":"https:\/\/smev.hartmanncreative.com\/?page_id=241"},"modified":"2023-07-11T19:33:32","modified_gmt":"2023-07-11T17:33:32","slug":"impressum","status":"publish","type":"page","link":"https:\/\/smev.ag\/en\/impressum\/","title":{"rendered":"Imprint"},"content":{"rendered":"<div data-elementor-type=\"wp-page\" data-elementor-id=\"241\" class=\"elementor elementor-241\" data-elementor-settings=\"[]\">\n\t\t\t\t\t\t<div class=\"elementor-inner\">\n\t\t\t\t\t\t\t<div class=\"elementor-section-wrap\">\n\t\t\t\t\t\t\t<section class=\"elementor-section elementor-top-section elementor-element elementor-element-7e34992 elementor-section-boxed elementor-section-height-default elementor-section-height-default\" data-id=\"7e34992\" data-element_type=\"section\" data-settings=\"{&quot;background_background&quot;:&quot;classic&quot;}\">\n\t\t\t\t\t\t<div class=\"elementor-container elementor-column-gap-default\">\n\t\t\t\t\t\t\t<div class=\"elementor-row\">\n\t\t\t\t\t<div class=\"elementor-column elementor-col-100 elementor-top-column elementor-element elementor-element-38f4671\" data-id=\"38f4671\" data-element_type=\"column\">\n\t\t\t<div class=\"elementor-column-wrap elementor-element-populated\">\n\t\t\t\t\t\t\t<div class=\"elementor-widget-wrap\">\n\t\t\t\t\t\t<div class=\"elementor-element elementor-element-243dde2 elementor-absolute elementor-widget elementor-widget-image\" data-id=\"243dde2\" data-element_type=\"widget\" data-settings=\"{&quot;motion_fx_motion_fx_scrolling&quot;:&quot;yes&quot;,&quot;motion_fx_translateY_effect&quot;:&quot;yes&quot;,&quot;_position&quot;:&quot;absolute&quot;,&quot;motion_fx_translateY_speed&quot;:{&quot;unit&quot;:&quot;px&quot;,&quot;size&quot;:4,&quot;sizes&quot;:[]},&quot;motion_fx_translateY_affectedRange&quot;:{&quot;unit&quot;:&quot;%&quot;,&quot;size&quot;:&quot;&quot;,&quot;sizes&quot;:{&quot;start&quot;:0,&quot;end&quot;:100}},&quot;motion_fx_devices&quot;:[&quot;desktop&quot;,&quot;tablet&quot;,&quot;mobile&quot;]}\" data-widget_type=\"image.default\">\n\t\t\t\t<div class=\"elementor-widget-container\">\n\t\t\t\t\t<div class=\"elementor-image\">\n\t\t\t\t\t\t\t\t\t\t<img src=\"https:\/\/smev.ag\/wp-content\/uploads\/2020\/11\/verlauf_45.svg\" class=\"attachment-full size-full\" alt=\"\" loading=\"lazy\" \/>\t\t\t\t\t\t\t\t\t\t\t<\/div>\n\t\t\t\t<\/div>\n\t\t\t\t<\/div>\n\t\t\t\t<div class=\"elementor-element elementor-element-75b8b7b elementor-widget elementor-widget-heading\" data-id=\"75b8b7b\" data-element_type=\"widget\" data-widget_type=\"heading.default\">\n\t\t\t\t<div class=\"elementor-widget-container\">\n\t\t\t<h1 class=\"elementor-heading-title elementor-size-default\">Imprint\n<\/h1>\t\t<\/div>\n\t\t\t\t<\/div>\n\t\t\t\t\t\t<\/div>\n\t\t\t\t\t<\/div>\n\t\t<\/div>\n\t\t\t\t\t\t\t\t<\/div>\n\t\t\t\t\t<\/div>\n\t\t<\/section>\n\t\t\t\t<section class=\"elementor-section elementor-top-section elementor-element elementor-element-36571b5 elementor-section-boxed elementor-section-height-default elementor-section-height-default\" data-id=\"36571b5\" data-element_type=\"section\" data-settings=\"{&quot;background_background&quot;:&quot;classic&quot;}\">\n\t\t\t\t\t\t<div class=\"elementor-container elementor-column-gap-default\">\n\t\t\t\t\t\t\t<div class=\"elementor-row\">\n\t\t\t\t\t<div class=\"elementor-column elementor-col-100 elementor-top-column elementor-element elementor-element-a685813\" data-id=\"a685813\" data-element_type=\"column\">\n\t\t\t<div class=\"elementor-column-wrap elementor-element-populated\">\n\t\t\t\t\t\t\t<div class=\"elementor-widget-wrap\">\n\t\t\t\t\t\t<div class=\"elementor-element elementor-element-bd2e84a elementor-widget elementor-widget-text-editor\" data-id=\"bd2e84a\" data-element_type=\"widget\" data-widget_type=\"text-editor.default\">\n\t\t\t\t<div class=\"elementor-widget-container\">\n\t\t\t\t\t<div class=\"elementor-text-editor elementor-clearfix\"><p><strong>Angaben nach \u00a7 5 Telemediengesetz (TMG):<\/strong><br \/>SMEV AG Smart Mobility Evolution<br \/>Plange M\u00fchle 5<br \/>40221 D\u00fcsseldorf<br \/>Germany<\/p><p><strong>Vertreten durch:<\/strong><br \/>Vorsitzender des Vorstands\/CEO:<br \/>Christian Rotthaus<\/p><p>Vorsitzender des Aufsichtsrats\/Chairman:<br \/>Dr. Jochen Herbst<\/p><p><strong>Kontakt:<\/strong><br \/>Telefon: 0049 (0)335 5571400<br \/>E-Mail: info@smev.ag<\/p><p><strong>Registereintrag:<\/strong><br \/>Eintrag im Handelsregister.<br \/>Registergericht: Amtsgericht Frankfurt (Oder)<br \/>Registernummer: HRB 16769 FF<\/p><p><strong>Umsatzsteuer:<\/strong><br \/>Umsatzsteuer-Identifikationsnummer gem\u00e4\u00df \u00a7 27 a Umsatzsteuergesetz:<br \/>DE317668691<\/p><p><strong>Verantwortliche f\u00fcr den Inhalt dieser Website gem\u00e4\u00df \u00a7 55 RStV:<\/strong><br \/>Vorstand: Christian Rotthaus, Ludwig Trostel und Thomas S. Enge<\/p><p>Im Technologiepark 1<br \/>15236 Frankfurt (Oder)<br \/>Germany<\/p><p><strong>Streitbeilegung<\/strong><br \/>Die Europ\u00e4ische Kommission bietet eine Plattform f\u00fcr die Online-Streitbeilegung (OS):<br \/>https:\/\/ec.europa.eu\/consumers\/odr<br \/>Unsere E-Mail finden Sie in unseren Kontaktinformationen.<br \/>Wir beteiligen uns nicht an Online-Streitschlichtungen bei Verbraucherschlichtungsstellen.<\/p><p><strong>Haftung f\u00fcr Inhalte<\/strong><br \/>Als Diensteanbieter sind wir gem\u00e4\u00df \u00a7 7 Abs.1 TMG f\u00fcr eigene Inhalte auf diesen Seiten nach den allgemeinen Gesetzen verantwortlich. Nach \u00a7\u00a7 8 bis 10 TMG sind wir als Diensteanbieter jedoch nicht verpflichtet, \u00fcbermittelte oder gespeicherte fremde Informationen st\u00e4ndig zu \u00fcberwachen oder nach Umst\u00e4nden zu forschen, die auf eine rechtswidrige T\u00e4tigkeit hinweisen.<br \/>Verpflichtungen zur Entfernung oder Sperrung der Nutzung von Informationen bleiben hiervon unber\u00fchrt. Eine diesbez\u00fcgliche Haftung ist jedoch erst ab dem Zeitpunkt der Kenntnis einer konkreten Rechtsverletzung m\u00f6glich. Bei bekannt werden von entsprechenden Rechtsverletzungen werden wir diese Inhalte umgehend entfernen.<\/p><p><strong>Haftung f\u00fcr Links<br \/><\/strong>Unser Angebot enth\u00e4lt Links zu externen Webseiten Dritter, auf deren Inhalte wir keinen Einfluss haben. Auf die Inhalte dieser Websites haben wir keinen Einfluss, daher k\u00f6nnen wir f\u00fcr diese Inhalte auch keine Gew\u00e4hr \u00fcbernehmen. F\u00fcr die Inhalte der verlinkten Seiten ist stets der jeweilige Anbieter oder Betreiber der Seiten verantwortlich.<\/p><p>Die verlinkten Seiten wurden zum Zeitpunkt der Verlinkung auf m\u00f6gliche Rechtsverst\u00f6\u00dfe \u00fcberpr\u00fcft. Rechtswidrige Inhalte waren zum Zeitpunkt der Verlinkung nicht erkennbar. Eine permanente inhaltliche Kontrolle der verlinkten Seiten ist jedoch ohne konkrete Anhaltspunkte einer Rechtsverletzung nicht zumutbar. Rechtswidrige Links werden zum Zeitpunkt der Kenntnisnahme unverz\u00fcglich entfernt.<\/p><p><strong>Urheberrecht<\/strong><br \/>Die durch die Seitenbetreiber erstellten Inhalte und Werke auf diesen Seiten unterliegen dem deutschen Urheberrecht. Die Vervielf\u00e4ltigung, Bearbeitung, Verbreitung und jede Art der Verwertung au\u00dferhalb der Grenzen des Urheberrechtes bed\u00fcrfen der schriftlichen Zustimmung des jeweiligen Autors bzw. Erstellers. Downloads und Kopien dieser Seite sind nur f\u00fcr den privaten Gebrauch gestattet.<br \/>Die gewerbliche Nutzung unserer Inhalte ist ohne Zustimmung des Urhebers nicht gestattet.<br \/>Soweit die Inhalte auf dieser Seite nicht vom Betreiber erstellt wurden, werden die Urheberrechte Dritter beachtet. Beitr\u00e4ge Dritter sind auf dieser Website als solche gekennzeichnet. Sollten Sie trotzdem auf eine Urheberrechtsverletzung aufmerksam werden, bitten wir um einen entsprechenden Hinweis. Diese Inhalte werden dann umgehend entfernt.<\/p><\/div>\n\t\t\t\t<\/div>\n\t\t\t\t<\/div>\n\t\t\t\t\t\t<\/div>\n\t\t\t\t\t<\/div>\n\t\t<\/div>\n\t\t\t\t\t\t\t\t<\/div>\n\t\t\t\t\t<\/div>\n\t\t<\/section>\n\t\t\t\t\t\t<\/div>\n\t\t\t\t\t\t<\/div>\n\t\t\t\t\t<\/div>","protected":false},"excerpt":{"rendered":"<p>Impressum Angaben nach \u00a7 5 Telemediengesetz (TMG):SMEV AG Smart Mobility EvolutionPlange M\u00fchle 540221 D\u00fcsseldorfDeutschland Vertreten durch:Vorsitzender des Vorstands\/CEO:Christian Rotthaus Vorsitzender des Aufsichtsrats\/Chairman:Dr. Jochen Herbst Kontakt:Telefon: 0049 (0)335 5571400E-Mail: info@smev.ag Registereintrag:Eintrag im Handelsregister.Registergericht: Amtsgericht Frankfurt (Oder)Registernummer: HRB 16769 FF Umsatzsteuer:Umsatzsteuer-Identifikationsnummer gem\u00e4\u00df \u00a7 27 a Umsatzsteuergesetz:DE317668691 Verantwortliche f\u00fcr den Inhalt dieser Website gem\u00e4\u00df \u00a7 55 RStV:Vorstand: Christian [&hellip;]<\/p>","protected":false},"author":1,"featured_media":0,"parent":0,"menu_order":0,"comment_status":"closed","ping_status":"closed","template":"","meta":[],"yoast_head":"<!-- This site is optimized with the Yoast SEO plugin v15.4 - https:\/\/yoast.com\/wordpress\/plugins\/seo\/ -->\n<title>Impressum - SMEV AG<\/title>\n<meta name=\"robots\" content=\"index, follow, max-snippet:-1, max-image-preview:large, max-video-preview:-1\" \/>\n<link rel=\"canonical\" href=\"https:\/\/smev.ag\/en\/impressum\/\" \/>\n<meta property=\"og:locale\" content=\"en_GB\" \/>\n<meta property=\"og:type\" content=\"article\" \/>\n<meta property=\"og:title\" content=\"Impressum - SMEV AG\" \/>\n<meta property=\"og:description\" content=\"Impressum Angaben nach \u00a7 5 Telemediengesetz (TMG):SMEV AG Smart Mobility EvolutionPlange M\u00fchle 540221 D\u00fcsseldorfDeutschland Vertreten durch:Vorsitzender des Vorstands\/CEO:Christian Rotthaus Vorsitzender des Aufsichtsrats\/Chairman:Dr. Jochen Herbst Kontakt:Telefon: 0049 (0)335 5571400E-Mail: info@smev.ag Registereintrag:Eintrag im Handelsregister.Registergericht: Amtsgericht Frankfurt (Oder)Registernummer: HRB 16769 FF Umsatzsteuer:Umsatzsteuer-Identifikationsnummer gem\u00e4\u00df \u00a7 27 a Umsatzsteuergesetz:DE317668691 Verantwortliche f\u00fcr den Inhalt dieser Website gem\u00e4\u00df \u00a7 55 RStV:Vorstand: Christian [&hellip;]\" \/>\n<meta property=\"og:url\" content=\"https:\/\/smev.ag\/en\/impressum\/\" \/>\n<meta property=\"og:site_name\" content=\"SMEV AG\" \/>\n<meta property=\"article:modified_time\" content=\"2023-07-11T17:33:32+00:00\" \/>\n<meta property=\"og:image\" content=\"https:\/\/smev.ag\/wp-content\/uploads\/2020\/11\/verlauf_45.svg\" \/>\n<meta name=\"twitter:card\" content=\"summary_large_image\" \/>\n<meta name=\"twitter:label1\" content=\"Written by\">\n\t<meta name=\"twitter:data1\" content=\"SMEV AG\">\n\t<meta name=\"twitter:label2\" content=\"Estimated reading time\">\n\t<meta name=\"twitter:data2\" content=\"2 minutes\">\n<script type=\"application\/ld+json\" class=\"yoast-schema-graph\">{\"@context\":\"https:\/\/schema.org\",\"@graph\":[{\"@type\":\"WebSite\",\"@id\":\"https:\/\/smev.ag\/#website\",\"url\":\"https:\/\/smev.ag\/\",\"name\":\"SMEV AG\",\"description\":\"Smart Mobility Evolution\",\"potentialAction\":[{\"@type\":\"SearchAction\",\"target\":\"https:\/\/smev.ag\/?s={search_term_string}\",\"query-input\":\"required name=search_term_string\"}],\"inLanguage\":\"en-GB\"},{\"@type\":\"ImageObject\",\"@id\":\"https:\/\/smev.ag\/impressum\/#primaryimage\",\"inLanguage\":\"en-GB\",\"url\":\"https:\/\/smev.ag\/wp-content\/uploads\/2020\/11\/verlauf_45.svg\"},{\"@type\":\"WebPage\",\"@id\":\"https:\/\/smev.ag\/impressum\/#webpage\",\"url\":\"https:\/\/smev.ag\/impressum\/\",\"name\":\"Impressum - SMEV AG\",\"isPartOf\":{\"@id\":\"https:\/\/smev.ag\/#website\"},\"primaryImageOfPage\":{\"@id\":\"https:\/\/smev.ag\/impressum\/#primaryimage\"},\"datePublished\":\"2020-11-30T15:27:46+00:00\",\"dateModified\":\"2023-07-11T17:33:32+00:00\",\"inLanguage\":\"en-GB\",\"potentialAction\":[{\"@type\":\"ReadAction\",\"target\":[\"https:\/\/smev.ag\/impressum\/\"]}]}]}<\/script>\n<!-- \/ Yoast SEO plugin. -->","_links":{"self":[{"href":"https:\/\/smev.ag\/en\/wp-json\/wp\/v2\/pages\/241"}],"collection":[{"href":"https:\/\/smev.ag\/en\/wp-json\/wp\/v2\/pages"}],"about":[{"href":"https:\/\/smev.ag\/en\/wp-json\/wp\/v2\/types\/page"}],"author":[{"embeddable":true,"href":"https:\/\/smev.ag\/en\/wp-json\/wp\/v2\/users\/1"}],"replies":[{"embeddable":true,"href":"https:\/\/smev.ag\/en\/wp-json\/wp\/v2\/comments?post=241"}],"version-history":[{"count":25,"href":"https:\/\/smev.ag\/en\/wp-json\/wp\/v2\/pages\/241\/revisions"}],"predecessor-version":[{"id":728,"href":"https:\/\/smev.ag\/en\/wp-json\/wp\/v2\/pages\/241\/revisions\/728"}],"wp:attachment":[{"href":"https:\/\/smev.ag\/en\/wp-json\/wp\/v2\/media?parent=241"}],"curies":[{"name":"wp","href":"https:\/\/api.w.org\/{rel}","templated":true}]}}