{"id":249,"date":"2020-11-30T16:30:40","date_gmt":"2020-11-30T15:30:40","guid":{"rendered":"https:\/\/smev.hartmanncreative.com\/?page_id=249"},"modified":"2020-11-30T16:57:10","modified_gmt":"2020-11-30T15:57:10","slug":"datenschutz","status":"publish","type":"page","link":"https:\/\/smev.ag\/en\/datenschutz\/","title":{"rendered":"Privacy Policy"},"content":{"rendered":"<div data-elementor-type=\"wp-page\" data-elementor-id=\"249\" class=\"elementor elementor-249\" data-elementor-settings=\"[]\">\n\t\t\t\t\t\t<div class=\"elementor-inner\">\n\t\t\t\t\t\t\t<div class=\"elementor-section-wrap\">\n\t\t\t\t\t\t\t<section class=\"elementor-section elementor-top-section elementor-element elementor-element-7e34992 elementor-section-boxed elementor-section-height-default elementor-section-height-default\" data-id=\"7e34992\" data-element_type=\"section\" data-settings=\"{&quot;background_background&quot;:&quot;classic&quot;}\">\n\t\t\t\t\t\t<div class=\"elementor-container elementor-column-gap-default\">\n\t\t\t\t\t\t\t<div class=\"elementor-row\">\n\t\t\t\t\t<div class=\"elementor-column elementor-col-100 elementor-top-column elementor-element elementor-element-38f4671\" data-id=\"38f4671\" data-element_type=\"column\">\n\t\t\t<div class=\"elementor-column-wrap elementor-element-populated\">\n\t\t\t\t\t\t\t<div class=\"elementor-widget-wrap\">\n\t\t\t\t\t\t<div class=\"elementor-element elementor-element-75b8b7b elementor-widget elementor-widget-heading\" data-id=\"75b8b7b\" data-element_type=\"widget\" data-widget_type=\"heading.default\">\n\t\t\t\t<div class=\"elementor-widget-container\">\n\t\t\t<h1 class=\"elementor-heading-title elementor-size-default\">Datenschutzerkl\u00e4rung<\/h1>\t\t<\/div>\n\t\t\t\t<\/div>\n\t\t\t\t\t\t<\/div>\n\t\t\t\t\t<\/div>\n\t\t<\/div>\n\t\t\t\t\t\t\t\t<\/div>\n\t\t\t\t\t<\/div>\n\t\t<\/section>\n\t\t\t\t<section class=\"elementor-section elementor-top-section elementor-element elementor-element-36571b5 elementor-section-boxed elementor-section-height-default elementor-section-height-default\" data-id=\"36571b5\" data-element_type=\"section\" data-settings=\"{&quot;background_background&quot;:&quot;classic&quot;}\">\n\t\t\t\t\t\t<div class=\"elementor-container elementor-column-gap-default\">\n\t\t\t\t\t\t\t<div class=\"elementor-row\">\n\t\t\t\t\t<div class=\"elementor-column elementor-col-100 elementor-top-column elementor-element elementor-element-a685813\" data-id=\"a685813\" data-element_type=\"column\">\n\t\t\t<div class=\"elementor-column-wrap elementor-element-populated\">\n\t\t\t\t\t\t\t<div class=\"elementor-widget-wrap\">\n\t\t\t\t\t\t<div class=\"elementor-element elementor-element-bd2e84a elementor-widget elementor-widget-text-editor\" data-id=\"bd2e84a\" data-element_type=\"widget\" data-widget_type=\"text-editor.default\">\n\t\t\t\t<div class=\"elementor-widget-container\">\n\t\t\t\t\t<div class=\"elementor-text-editor elementor-clearfix\"><div class=\"fusion-title title fusion-sep-none fusion-title-size-one fusion-border-below-title\">\u00a0<\/div><div class=\"fusion-text\"><p><strong>Der Datenschutz<\/strong><br \/>Die Betreiber dieser Website nehmen den Schutz Ihrer pers\u00f6nlichen Daten sehr ernst. Wir behandeln Ihre pers\u00f6nlichen Daten vertraulich und entsprechend den gesetzlichen Datenschutzbestimmungen und dieser Privacy Policy. Die Nutzung unserer Webseite ist in der Regel ohne Angabe personenbezogener Daten m\u00f6glich. Soweit auf unseren Seiten personenbezogene Daten (beispielsweise Name, Anschrift oder eMail-Adressen) erhoben werden, erfolgt dies, soweit m\u00f6glich, stets auf freiwilliger Basis. Diese Daten werden ohne Ihre ausdr\u00fcckliche Zustimmung nicht an Dritte weitergegeben. Wir weisen jedoch darauf hin, dass die Daten\u00fcbertragung im Internet (z.B. bei der Kommunikation per E-Mail) Sicherheitsl\u00fccken aufweisen kann. Ein l\u00fcckenloser Schutz der personenbezogenen Daten vor dem Zugriff durch Dritte ist nicht m\u00f6glich.<\/p><p><strong>Cookies<\/strong><br \/>Diese Website verwendet teilweise so genannte Cookies. Cookies richten auf Ihrem Rechner keinen Schaden an und enthalten keine Viren. Cookies erlauben es uns, unser Angebot nutzerfreundlicher, effektiver und sicherer zu machen. Cookies sind kleine Textdateien, die von Ihrem Browser auf Ihrem Rechner abgelegt werden. Die meisten der von uns verwendeten Cookies sind so genannte \u201cSession-Cookies\u201d. Sie werden nach Ende Ihres Besuchs automatisch gel\u00f6scht. Andere Cookies verbleiben so lange auf Ihrem Endger\u00e4t, bis Sie diese l\u00f6schen. Diese Cookies erm\u00f6glichen es uns, Ihren Browser bei Ihrem n\u00e4chsten Besuch wieder zu erkennen. Sie k\u00f6nnen Ihren Browser so einstellen, dass er Sie \u00fcber das Setzen von Cookies informiert, Cookies individuell zul\u00e4sst oder in bestimmten F\u00e4llen generell ausschlie\u00dft sowie das automatische L\u00f6schen von Cookies beim Schlie\u00dfen des Browsers aktiviert. Die Deaktivierung von Cookies kann die Funktionalit\u00e4t dieser Website beeintr\u00e4chtigen.<\/p><p><strong>Server-Log-Dateien<\/strong><br \/>Der Anbieter dieser Webseiten erhebt und speichert automatisch in sogenannten Server Log Files Informationen, die Ihr Browser automatisch an uns \u00fcbermittelt, z.B.: Browsertyp\/-version verwendetes Betriebssystem Referrer URL Hostname des zugreifenden Rechners Uhrzeit der Abfrage. Diese Daten sind f\u00fcr uns nicht bestimmten Personen zuordenbar. Eine Zusammenf\u00fchrung dieser Daten mit anderen Datenquellen wird von uns nicht vorgenommen. Wir behalten uns das Recht vor, die Daten nachtr\u00e4glich zu \u00fcberpr\u00fcfen, wenn es Hinweise auf eine rechtswidrige Nutzung gibt.<\/p><p><strong>Zum Kontaktformular<\/strong><br \/>Wenn Sie \u00fcber das Kontaktformular Anfragen an uns senden, werden Ihre im Kontaktformular eingegebenen Daten einschlie\u00dflich der angegebenen Kontaktdaten zum Zweck der Bearbeitung Ihrer Anfrage und bei weiteren Anfragen gespeichert. Eine Weitergabe dieser Daten erfolgt nicht ohne Ihre Zustimmung.<\/p><p><strong>Browser-Plugin<\/strong><br \/>Sie k\u00f6nnen die Installation der Cookies durch eine entsprechende Einstellung Ihrer Browser Software verhindern; wir weisen Sie jedoch darauf hin, dass Sie in diesem Fall gegebenenfalls nicht s\u00e4mtliche Funktionen dieser Website voll umf\u00e4nglich nutzen k\u00f6nnen. Des Weiteren k\u00f6nnen Sie die Erfassung der durch Cookies erzeugten Daten (einschlie\u00dflich Ihrer IP-Adresse) und die Verarbeitung dieser Daten durch Google verhindern, indem Sie das Plug-in unter folgendem Link herunterladen und installieren: https:\/\/tools.google.com\/dlpage\/gaoptout?hl=en<\/p><p><strong>Google Web-Schriften<\/strong><br \/>F\u00fcr die homogene Darstellung von Schriften verwendet diese Website sogenannte Webfonts, die von Google zur Verf\u00fcgung gestellt werden. Beim Aufruf einer Website l\u00e4dt Ihr Browser die notwendigen Webfonts in Ihren Browser-Cache herunter, um Texte und Schriften korrekt darzustellen. Falls Ihr Browser keine Webfonts unterst\u00fctzt, verwendet Ihr Computer eine Standardschriftart.<br \/>Weitere Informationen finden Sie unter https:\/\/developers.google.com\/fonts\/faq sowie in den Datenschutzbestimmungen von Google: https:\/\/www.google.com\/policies\/privacy\/<br \/>Verarbeitung von Daten (Kunden- und Vertragsdaten)<br \/>Wir erheben, verarbeiten und nutzen personenbezogene Daten nur, soweit sie f\u00fcr die Begr\u00fcndung, inhaltliche Ausgestaltung oder \u00c4nderung des Rechtsverh\u00e4ltnisses erforderlich sind (personenbezogene Daten). Personenbezogene Daten \u00fcber die Nutzung unserer Webseiten (Nutzungsdaten) erheben, verarbeiten und nutzen wir nur, soweit dies f\u00fcr die Begr\u00fcndung oder Abrechnung der Inanspruchnahme des Dienstes erforderlich ist.<\/p><p><strong>Recht auf Auskunft, L\u00f6schung, Sperrung<\/strong><br \/>Sie haben jederzeit ein Recht auf Auskunft \u00fcber die bez\u00fcglich Ihrer Person gespeicherten Daten, deren Herkunft und Empf\u00e4nger sowie den Zweck der Datenverarbeitung und haben ein Recht auf Berichtigung, Sperrung und L\u00f6schung dieser Daten. F\u00fcr weitere Fragen und Fragen zu personenbezogenen Daten k\u00f6nnen Sie sich gerne unter der im Impressum\/Rechtshinweis ver\u00f6ffentlichten Adresse an uns wenden.<\/p><p><strong>Widerspruch gegen Werbemails<\/strong><br \/>Die Anbieter sind verpflichtet, ihre Kontaktdaten im Impressum zu ver\u00f6ffentlichen. Der Nutzung von im Rahmen der Impressumspflicht ver\u00f6ffentlichten Kontaktdaten durch Dritte zur \u00dcbersendung von nicht ausdr\u00fccklich angeforderter Werbung und Informationsmaterialien wird hiermit ausdr\u00fccklich widersprochen. Die Betreiber der Seiten behalten sich ausdr\u00fccklich rechtliche Schritte im Falle der unverlangten Zusendung von Werbeinformationen, etwa durch Spam-Mails, vor.<\/p><\/div><\/div>\n\t\t\t\t<\/div>\n\t\t\t\t<\/div>\n\t\t\t\t\t\t<\/div>\n\t\t\t\t\t<\/div>\n\t\t<\/div>\n\t\t\t\t\t\t\t\t<\/div>\n\t\t\t\t\t<\/div>\n\t\t<\/section>\n\t\t\t\t\t\t<\/div>\n\t\t\t\t\t\t<\/div>\n\t\t\t\t\t<\/div>","protected":false},"excerpt":{"rendered":"<p>Datenschutzerkl\u00e4rung \u00a0 Der DatenschutzDie Betreiber dieser Website nehmen den Schutz Ihrer pers\u00f6nlichen Daten sehr ernst. Wir behandeln Ihre pers\u00f6nlichen Daten vertraulich und entsprechend den gesetzlichen Datenschutzbestimmungen und dieser Privacy Policy. Die Nutzung unserer Webseite ist in der Regel ohne Angabe personenbezogener Daten m\u00f6glich. Soweit auf unseren Seiten personenbezogene Daten (beispielsweise Name, Anschrift oder eMail-Adressen) erhoben [&hellip;]<\/p>","protected":false},"author":1,"featured_media":0,"parent":0,"menu_order":0,"comment_status":"closed","ping_status":"closed","template":"","meta":[],"yoast_head":"<!-- This site is optimized with the Yoast SEO plugin v15.4 - https:\/\/yoast.com\/wordpress\/plugins\/seo\/ -->\n<title>Datenschutz - SMEV AG<\/title>\n<meta name=\"robots\" content=\"index, follow, max-snippet:-1, max-image-preview:large, max-video-preview:-1\" \/>\n<link rel=\"canonical\" href=\"https:\/\/smev.ag\/en\/datenschutz\/\" \/>\n<meta property=\"og:locale\" content=\"en_GB\" \/>\n<meta property=\"og:type\" content=\"article\" \/>\n<meta property=\"og:title\" content=\"Datenschutz - SMEV AG\" \/>\n<meta property=\"og:description\" content=\"Datenschutzerkl\u00e4rung \u00a0 Der DatenschutzDie Betreiber dieser Website nehmen den Schutz Ihrer pers\u00f6nlichen Daten sehr ernst. Wir behandeln Ihre pers\u00f6nlichen Daten vertraulich und entsprechend den gesetzlichen Datenschutzbestimmungen und dieser Privacy Policy. Die Nutzung unserer Webseite ist in der Regel ohne Angabe personenbezogener Daten m\u00f6glich. Soweit auf unseren Seiten personenbezogene Daten (beispielsweise Name, Anschrift oder eMail-Adressen) erhoben [&hellip;]\" \/>\n<meta property=\"og:url\" content=\"https:\/\/smev.ag\/en\/datenschutz\/\" \/>\n<meta property=\"og:site_name\" content=\"SMEV AG\" \/>\n<meta property=\"article:modified_time\" content=\"2020-11-30T15:57:10+00:00\" \/>\n<meta name=\"twitter:card\" content=\"summary_large_image\" \/>\n<meta name=\"twitter:label1\" content=\"Written by\">\n\t<meta name=\"twitter:data1\" content=\"SMEV AG\">\n\t<meta name=\"twitter:label2\" content=\"Estimated reading time\">\n\t<meta name=\"twitter:data2\" content=\"3 minutes\">\n<script type=\"application\/ld+json\" class=\"yoast-schema-graph\">{\"@context\":\"https:\/\/schema.org\",\"@graph\":[{\"@type\":\"WebSite\",\"@id\":\"https:\/\/smev.ag\/#website\",\"url\":\"https:\/\/smev.ag\/\",\"name\":\"SMEV AG\",\"description\":\"Smart Mobility Evolution\",\"potentialAction\":[{\"@type\":\"SearchAction\",\"target\":\"https:\/\/smev.ag\/?s={search_term_string}\",\"query-input\":\"required name=search_term_string\"}],\"inLanguage\":\"en-GB\"},{\"@type\":\"WebPage\",\"@id\":\"https:\/\/smev.ag\/datenschutz\/#webpage\",\"url\":\"https:\/\/smev.ag\/datenschutz\/\",\"name\":\"Datenschutz - SMEV AG\",\"isPartOf\":{\"@id\":\"https:\/\/smev.ag\/#website\"},\"datePublished\":\"2020-11-30T15:30:40+00:00\",\"dateModified\":\"2020-11-30T15:57:10+00:00\",\"inLanguage\":\"en-GB\",\"potentialAction\":[{\"@type\":\"ReadAction\",\"target\":[\"https:\/\/smev.ag\/datenschutz\/\"]}]}]}<\/script>\n<!-- \/ Yoast SEO plugin. -->","_links":{"self":[{"href":"https:\/\/smev.ag\/en\/wp-json\/wp\/v2\/pages\/249"}],"collection":[{"href":"https:\/\/smev.ag\/en\/wp-json\/wp\/v2\/pages"}],"about":[{"href":"https:\/\/smev.ag\/en\/wp-json\/wp\/v2\/types\/page"}],"author":[{"embeddable":true,"href":"https:\/\/smev.ag\/en\/wp-json\/wp\/v2\/users\/1"}],"replies":[{"embeddable":true,"href":"https:\/\/smev.ag\/en\/wp-json\/wp\/v2\/comments?post=249"}],"version-history":[{"count":10,"href":"https:\/\/smev.ag\/en\/wp-json\/wp\/v2\/pages\/249\/revisions"}],"predecessor-version":[{"id":271,"href":"https:\/\/smev.ag\/en\/wp-json\/wp\/v2\/pages\/249\/revisions\/271"}],"wp:attachment":[{"href":"https:\/\/smev.ag\/en\/wp-json\/wp\/v2\/media?parent=249"}],"curies":[{"name":"wp","href":"https:\/\/api.w.org\/{rel}","templated":true}]}}